{"id":26,"date":"2020-06-02T09:45:33","date_gmt":"2020-06-02T09:45:33","guid":{"rendered":"http:\/\/andrearausch.stubengott.de\/?page_id=26"},"modified":"2024-10-15T08:00:17","modified_gmt":"2024-10-15T08:00:17","slug":"andrea-rausch-illustration-freie-grafik-und-design","status":"publish","type":"page","link":"https:\/\/andrea-rausch.net\/?page_id=26","title":{"rendered":"Andrea Rausch Illustration, freie Grafik  und Design"},"content":{"rendered":"<div class=\"wp-block-image\">\n<figure class=\"aligncenter\"><img loading=\"lazy\" decoding=\"async\" width=\"1024\" height=\"683\" src=\"http:\/\/andrearausch.stubengott.de\/wp-content\/uploads\/2020\/05\/Leipzg_29_WEB-Kopie-1024x683.jpg\" alt=\"\" class=\"wp-image-27\" srcset=\"https:\/\/andrea-rausch.net\/wp-content\/uploads\/2020\/05\/Leipzg_29_WEB-Kopie-1024x683.jpg 1024w, https:\/\/andrea-rausch.net\/wp-content\/uploads\/2020\/05\/Leipzg_29_WEB-Kopie-300x200.jpg 300w, https:\/\/andrea-rausch.net\/wp-content\/uploads\/2020\/05\/Leipzg_29_WEB-Kopie-768x512.jpg 768w, https:\/\/andrea-rausch.net\/wp-content\/uploads\/2020\/05\/Leipzg_29_WEB-Kopie.jpg 2040w\" sizes=\"(max-width: 706px) 89vw, (max-width: 767px) 82vw, 740px\" \/><figcaption class=\"wp-element-caption\">Anfertigung&nbsp;einer&nbsp;Siebdruck Vorlage, f\u00fcr die Grafik&nbsp;&#8222;Schilddr\u00fcse&#8220;&nbsp;aus der Serie&nbsp;&#8222;Innere Organe&#8220;&nbsp;2019.<\/figcaption><\/figure><\/div>\n\n\n<p>Mein Geburtsort ist Jena und ich bin dort zwischen Neubaublocks und Bergen aufgewachsen.\u00a0<\/p>\n\n\n\n<p>Von 2003 bis 2010 studierte ich  an der Hochschule f\u00fcr Grafik und Buchkunst in Leipzig und erwarb mein Diplom in der Fachklasse f\u00fcr Illustration. <br>Seit dem arbeite ich selbstst\u00e4ndig als Illustratorin und freie Grafikerin.<\/p>\n\n\n\n<p>In meinem Atelier mit Siebdruck-Werkstatt zeichne und drucke ich Bilder, Grafiken und Plakate. Mit anderen K\u00fcnstlern organisierte ich den &#8222;Millionaires Club&#8220; von 2013 bis 2019, ein j\u00e4hrliches Grafik- und Grafik-Fest in Leipzig. <\/p>\n\n\n\n<p>Ich lebe mit meiner Familie in Leipzig.&nbsp;<\/p>\n\n\n\n<figure class=\"wp-block-gallery has-nested-images columns-default is-cropped wp-block-gallery-1 is-layout-flex wp-block-gallery-is-layout-flex\">\n<figure class=\"wp-block-image\"><img loading=\"lazy\" decoding=\"async\" width=\"683\" height=\"1024\" data-id=\"28\" src=\"https:\/\/andrea-rausch.net\/wp-content\/uploads\/2020\/05\/Leipzg_23_WEB-Kopie-683x1024.jpg\" alt=\"\" class=\"wp-image-28\" srcset=\"https:\/\/andrea-rausch.net\/wp-content\/uploads\/2020\/05\/Leipzg_23_WEB-Kopie-683x1024.jpg 683w, https:\/\/andrea-rausch.net\/wp-content\/uploads\/2020\/05\/Leipzg_23_WEB-Kopie-200x300.jpg 200w, https:\/\/andrea-rausch.net\/wp-content\/uploads\/2020\/05\/Leipzg_23_WEB-Kopie-768x1152.jpg 768w, https:\/\/andrea-rausch.net\/wp-content\/uploads\/2020\/05\/Leipzg_23_WEB-Kopie.jpg 1360w\" sizes=\"(max-width: 683px) 100vw, 683px\" \/><\/figure>\n\n\n\n<figure class=\"wp-block-image\"><img loading=\"lazy\" decoding=\"async\" width=\"683\" height=\"1024\" data-id=\"29\" src=\"https:\/\/andrea-rausch.net\/wp-content\/uploads\/2020\/05\/Leipzg_28_WEB-Kopie-683x1024.jpg\" alt=\"\" class=\"wp-image-29\" srcset=\"https:\/\/andrea-rausch.net\/wp-content\/uploads\/2020\/05\/Leipzg_28_WEB-Kopie-683x1024.jpg 683w, https:\/\/andrea-rausch.net\/wp-content\/uploads\/2020\/05\/Leipzg_28_WEB-Kopie-200x300.jpg 200w, https:\/\/andrea-rausch.net\/wp-content\/uploads\/2020\/05\/Leipzg_28_WEB-Kopie-768x1152.jpg 768w, https:\/\/andrea-rausch.net\/wp-content\/uploads\/2020\/05\/Leipzg_28_WEB-Kopie.jpg 1360w\" sizes=\"(max-width: 683px) 100vw, 683px\" \/><\/figure>\n\n\n\n<figure class=\"wp-block-image\"><img loading=\"lazy\" decoding=\"async\" width=\"683\" height=\"1024\" data-id=\"30\" src=\"https:\/\/andrea-rausch.net\/wp-content\/uploads\/2020\/05\/Leipzg_45_WEB-Kopie-683x1024.jpg\" alt=\"\" class=\"wp-image-30\" srcset=\"https:\/\/andrea-rausch.net\/wp-content\/uploads\/2020\/05\/Leipzg_45_WEB-Kopie-683x1024.jpg 683w, https:\/\/andrea-rausch.net\/wp-content\/uploads\/2020\/05\/Leipzg_45_WEB-Kopie-200x300.jpg 200w, https:\/\/andrea-rausch.net\/wp-content\/uploads\/2020\/05\/Leipzg_45_WEB-Kopie-768x1152.jpg 768w, https:\/\/andrea-rausch.net\/wp-content\/uploads\/2020\/05\/Leipzg_45_WEB-Kopie.jpg 1360w\" sizes=\"(max-width: 683px) 100vw, 683px\" \/><\/figure>\n\n\n\n<figure class=\"wp-block-image\"><img loading=\"lazy\" decoding=\"async\" width=\"1024\" height=\"683\" data-id=\"31\" src=\"https:\/\/andrea-rausch.net\/wp-content\/uploads\/2020\/05\/Leipzg_33_WEB-Kopie-1024x683.jpg\" alt=\"\" class=\"wp-image-31\" srcset=\"https:\/\/andrea-rausch.net\/wp-content\/uploads\/2020\/05\/Leipzg_33_WEB-Kopie-1024x683.jpg 1024w, https:\/\/andrea-rausch.net\/wp-content\/uploads\/2020\/05\/Leipzg_33_WEB-Kopie-300x200.jpg 300w, https:\/\/andrea-rausch.net\/wp-content\/uploads\/2020\/05\/Leipzg_33_WEB-Kopie-768x512.jpg 768w, https:\/\/andrea-rausch.net\/wp-content\/uploads\/2020\/05\/Leipzg_33_WEB-Kopie.jpg 2040w\" sizes=\"(max-width: 706px) 89vw, (max-width: 767px) 82vw, 740px\" \/><\/figure>\n<\/figure>\n\n\n\n<p><\/p>\n","protected":false},"excerpt":{"rendered":"<p>Mein Geburtsort ist Jena und ich bin dort zwischen Neubaublocks und Bergen aufgewachsen.\u00a0 Von 2003 bis 2010 studierte ich an der Hochschule f\u00fcr Grafik und Buchkunst in Leipzig und erwarb mein Diplom in der Fachklasse f\u00fcr Illustration. Seit dem arbeite ich selbstst\u00e4ndig als Illustratorin und freie Grafikerin. In meinem Atelier mit Siebdruck-Werkstatt zeichne und drucke &hellip; <\/p>\n<p class=\"link-more\"><a href=\"https:\/\/andrea-rausch.net\/?page_id=26\" class=\"more-link\"><span class=\"screen-reader-text\">\u201eAndrea Rausch Illustration, freie Grafik  und Design\u201c<\/span> weiterlesen<\/a><\/p>\n","protected":false},"author":1,"featured_media":0,"parent":0,"menu_order":0,"comment_status":"closed","ping_status":"closed","template":"","meta":{"footnotes":""},"_links":{"self":[{"href":"https:\/\/andrea-rausch.net\/index.php?rest_route=\/wp\/v2\/pages\/26"}],"collection":[{"href":"https:\/\/andrea-rausch.net\/index.php?rest_route=\/wp\/v2\/pages"}],"about":[{"href":"https:\/\/andrea-rausch.net\/index.php?rest_route=\/wp\/v2\/types\/page"}],"author":[{"embeddable":true,"href":"https:\/\/andrea-rausch.net\/index.php?rest_route=\/wp\/v2\/users\/1"}],"replies":[{"embeddable":true,"href":"https:\/\/andrea-rausch.net\/index.php?rest_route=%2Fwp%2Fv2%2Fcomments&post=26"}],"version-history":[{"count":11,"href":"https:\/\/andrea-rausch.net\/index.php?rest_route=\/wp\/v2\/pages\/26\/revisions"}],"predecessor-version":[{"id":1525,"href":"https:\/\/andrea-rausch.net\/index.php?rest_route=\/wp\/v2\/pages\/26\/revisions\/1525"}],"wp:attachment":[{"href":"https:\/\/andrea-rausch.net\/index.php?rest_route=%2Fwp%2Fv2%2Fmedia&parent=26"}],"curies":[{"name":"wp","href":"https:\/\/api.w.org\/{rel}","templated":true}]}}